{"id":674,"date":"2026-02-26T20:33:03","date_gmt":"2026-02-26T20:33:03","guid":{"rendered":"https:\/\/panafgeo.eurogeosurveys.org\/work-packages\/"},"modified":"2026-04-02T20:07:24","modified_gmt":"2026-04-02T20:07:24","slug":"work-packages","status":"publish","type":"page","link":"https:\/\/panafgeo.eurogeosurveys.org\/fr\/work-packages\/","title":{"rendered":"Modules"},"content":{"rendered":"<p>Les modules (WPs) constituent le c\u0153ur technique de PanAfGeo+. Chaque module se concentre sur un domaine th\u00e9matique sp\u00e9cifique des g\u00e9osciences et contribue au renforcement des capacit\u00e9s des Services g\u00e9ologiques africains \u00e0 travers des formations sp\u00e9cialis\u00e9es, des \u00e9changes de connaissances et une coop\u00e9ration technique.<\/p>\n<p>Les modules sont con\u00e7us pour r\u00e9pondre aux priorit\u00e9s identifi\u00e9es par les partenaires africains et pour soutenir la gouvernance durable des ressources naturelles, la gestion des risques et le d\u00e9veloppement \u00e9conomique.<\/p>\n<p>Les formations combinent enseignement th\u00e9orique, exercices pratiques, travail sur le terrain et \u00e9laboration de plans de retour au travail afin d\u2019assurer l\u2019application concr\u00e8te des comp\u00e9tences acquises dans les institutions nationales.<\/p>\n<p>Les modules favorisent \u00e9galement la coop\u00e9ration entre experts africains et europ\u00e9ens, cr\u00e9ant un r\u00e9seau professionnel durable et renfor\u00e7ant l\u2019int\u00e9gration continentale en g\u00e9osciences.<\/p>\n","protected":false},"excerpt":{"rendered":"<p>Les modules (WPs) constituent le c\u0153ur technique de PanAfGeo+. Chaque module se concentre sur un domaine th\u00e9matique sp\u00e9cifique des g\u00e9osciences et contribue au renforcement des capacit\u00e9s des Services g\u00e9ologiques africains \u00e0 travers des formations sp\u00e9cialis\u00e9es, des \u00e9changes de connaissances et une coop\u00e9ration technique. Les modules sont con\u00e7us pour r\u00e9pondre aux priorit\u00e9s identifi\u00e9es par les partenaires [&hellip;]<\/p>\n","protected":false},"author":1,"featured_media":143,"parent":0,"menu_order":0,"comment_status":"closed","ping_status":"closed","template":"page-templates\/template-work-packages.php","meta":{"_acf_changed":false,"footnotes":""},"class_list":["post-674","page","type-page","status-publish","has-post-thumbnail","hentry"],"acf":[],"_links":{"self":[{"href":"https:\/\/panafgeo.eurogeosurveys.org\/fr\/wp-json\/wp\/v2\/pages\/674","targetHints":{"allow":["GET"]}}],"collection":[{"href":"https:\/\/panafgeo.eurogeosurveys.org\/fr\/wp-json\/wp\/v2\/pages"}],"about":[{"href":"https:\/\/panafgeo.eurogeosurveys.org\/fr\/wp-json\/wp\/v2\/types\/page"}],"author":[{"embeddable":true,"href":"https:\/\/panafgeo.eurogeosurveys.org\/fr\/wp-json\/wp\/v2\/users\/1"}],"replies":[{"embeddable":true,"href":"https:\/\/panafgeo.eurogeosurveys.org\/fr\/wp-json\/wp\/v2\/comments?post=674"}],"version-history":[{"count":3,"href":"https:\/\/panafgeo.eurogeosurveys.org\/fr\/wp-json\/wp\/v2\/pages\/674\/revisions"}],"predecessor-version":[{"id":677,"href":"https:\/\/panafgeo.eurogeosurveys.org\/fr\/wp-json\/wp\/v2\/pages\/674\/revisions\/677"}],"wp:featuredmedia":[{"embeddable":true,"href":"https:\/\/panafgeo.eurogeosurveys.org\/fr\/wp-json\/wp\/v2\/media\/143"}],"wp:attachment":[{"href":"https:\/\/panafgeo.eurogeosurveys.org\/fr\/wp-json\/wp\/v2\/media?parent=674"}],"curies":[{"name":"wp","href":"https:\/\/api.w.org\/{rel}","templated":true}]}}