{"id":729,"date":"2026-03-20T02:46:57","date_gmt":"2026-03-20T02:46:57","guid":{"rendered":"https:\/\/panafgeo.eurogeosurveys.org\/media-centre\/publications\/"},"modified":"2026-04-02T22:21:04","modified_gmt":"2026-04-02T22:21:04","slug":"publications","status":"publish","type":"page","link":"https:\/\/panafgeo.eurogeosurveys.org\/fr\/media-centre\/publications\/","title":{"rendered":"Publications"},"content":{"rendered":"<p>Les publications de PanAfGeo fournissent des ressources techniques et m\u00e9thodologiques visant \u00e0 soutenir les Services g\u00e9ologiques africains dans leurs activit\u00e9s quotidiennes et dans la mise en \u0153uvre des comp\u00e9tences acquises lors des formations.<\/p>\n","protected":false},"excerpt":{"rendered":"<p>Les publications de PanAfGeo fournissent des ressources techniques et m\u00e9thodologiques visant \u00e0 soutenir les Services g\u00e9ologiques africains dans leurs activit\u00e9s quotidiennes et dans la mise en \u0153uvre des comp\u00e9tences acquises lors des formations.<\/p>\n","protected":false},"author":2,"featured_media":720,"parent":716,"menu_order":0,"comment_status":"closed","ping_status":"closed","template":"page-templates\/template-publications.php","meta":{"_acf_changed":false,"footnotes":""},"class_list":["post-729","page","type-page","status-publish","has-post-thumbnail","hentry"],"acf":[],"_links":{"self":[{"href":"https:\/\/panafgeo.eurogeosurveys.org\/fr\/wp-json\/wp\/v2\/pages\/729","targetHints":{"allow":["GET"]}}],"collection":[{"href":"https:\/\/panafgeo.eurogeosurveys.org\/fr\/wp-json\/wp\/v2\/pages"}],"about":[{"href":"https:\/\/panafgeo.eurogeosurveys.org\/fr\/wp-json\/wp\/v2\/types\/page"}],"author":[{"embeddable":true,"href":"https:\/\/panafgeo.eurogeosurveys.org\/fr\/wp-json\/wp\/v2\/users\/2"}],"replies":[{"embeddable":true,"href":"https:\/\/panafgeo.eurogeosurveys.org\/fr\/wp-json\/wp\/v2\/comments?post=729"}],"version-history":[{"count":2,"href":"https:\/\/panafgeo.eurogeosurveys.org\/fr\/wp-json\/wp\/v2\/pages\/729\/revisions"}],"predecessor-version":[{"id":763,"href":"https:\/\/panafgeo.eurogeosurveys.org\/fr\/wp-json\/wp\/v2\/pages\/729\/revisions\/763"}],"up":[{"embeddable":true,"href":"https:\/\/panafgeo.eurogeosurveys.org\/fr\/wp-json\/wp\/v2\/pages\/716"}],"wp:featuredmedia":[{"embeddable":true,"href":"https:\/\/panafgeo.eurogeosurveys.org\/fr\/wp-json\/wp\/v2\/media\/720"}],"wp:attachment":[{"href":"https:\/\/panafgeo.eurogeosurveys.org\/fr\/wp-json\/wp\/v2\/media?parent=729"}],"curies":[{"name":"wp","href":"https:\/\/api.w.org\/{rel}","templated":true}]}}