{"id":749,"date":"2026-03-27T14:03:00","date_gmt":"2026-03-27T14:03:00","guid":{"rendered":"https:\/\/panafgeo.eurogeosurveys.org\/panafgeo-1-results\/"},"modified":"2026-04-02T22:09:57","modified_gmt":"2026-04-02T22:09:57","slug":"panafgeo-1-results","status":"publish","type":"page","link":"https:\/\/panafgeo.eurogeosurveys.org\/fr\/panafgeo-1-results\/","title":{"rendered":"R\u00e9sultats PanAfGeo-1"},"content":{"rendered":"<p>Lanc\u00e9 en 2016, PanAfGeo-1 a \u00e9t\u00e9 cofinanc\u00e9 par l\u2019Union europ\u00e9enne et un consortium de douze Services g\u00e9ologiques europ\u00e9ens pour soutenir la formation du personnel g\u00e9oscientifique des Services g\u00e9ologiques africains. Ce programme visait \u00e0 renforcer les comp\u00e9tences des g\u00e9oscientifiques africains, \u00e0 am\u00e9liorer la gouvernance et l&rsquo;utilisation durable des ressources min\u00e9rales, \u00e0 sensibiliser aux risques g\u00e9ologiques et au patrimoine g\u00e9ologique, et \u00e0 renforcer les capacit\u00e9s de l&rsquo;Organisation des Services G\u00e9ologiques d&rsquo;Afrique (OSGA\/OAGS).<\/p>\n","protected":false},"excerpt":{"rendered":"<p>Lanc\u00e9 en 2016, PanAfGeo-1 a \u00e9t\u00e9 cofinanc\u00e9 par l\u2019Union europ\u00e9enne et un consortium de douze Services g\u00e9ologiques europ\u00e9ens pour soutenir la formation du personnel g\u00e9oscientifique des Services g\u00e9ologiques africains. Ce programme visait \u00e0 renforcer les comp\u00e9tences des g\u00e9oscientifiques africains, \u00e0 am\u00e9liorer la gouvernance et l&rsquo;utilisation durable des ressources min\u00e9rales, \u00e0 sensibiliser aux risques g\u00e9ologiques et [&hellip;]<\/p>\n","protected":false},"author":2,"featured_media":720,"parent":0,"menu_order":0,"comment_status":"closed","ping_status":"closed","template":"page-templates\/template-results.php","meta":{"_acf_changed":false,"footnotes":""},"class_list":["post-749","page","type-page","status-publish","has-post-thumbnail","hentry"],"acf":[],"_links":{"self":[{"href":"https:\/\/panafgeo.eurogeosurveys.org\/fr\/wp-json\/wp\/v2\/pages\/749","targetHints":{"allow":["GET"]}}],"collection":[{"href":"https:\/\/panafgeo.eurogeosurveys.org\/fr\/wp-json\/wp\/v2\/pages"}],"about":[{"href":"https:\/\/panafgeo.eurogeosurveys.org\/fr\/wp-json\/wp\/v2\/types\/page"}],"author":[{"embeddable":true,"href":"https:\/\/panafgeo.eurogeosurveys.org\/fr\/wp-json\/wp\/v2\/users\/2"}],"replies":[{"embeddable":true,"href":"https:\/\/panafgeo.eurogeosurveys.org\/fr\/wp-json\/wp\/v2\/comments?post=749"}],"version-history":[{"count":2,"href":"https:\/\/panafgeo.eurogeosurveys.org\/fr\/wp-json\/wp\/v2\/pages\/749\/revisions"}],"predecessor-version":[{"id":761,"href":"https:\/\/panafgeo.eurogeosurveys.org\/fr\/wp-json\/wp\/v2\/pages\/749\/revisions\/761"}],"wp:featuredmedia":[{"embeddable":true,"href":"https:\/\/panafgeo.eurogeosurveys.org\/fr\/wp-json\/wp\/v2\/media\/720"}],"wp:attachment":[{"href":"https:\/\/panafgeo.eurogeosurveys.org\/fr\/wp-json\/wp\/v2\/media?parent=749"}],"curies":[{"name":"wp","href":"https:\/\/api.w.org\/{rel}","templated":true}]}}