{"id":801,"date":"2026-02-26T20:33:03","date_gmt":"2026-02-26T20:33:03","guid":{"rendered":"https:\/\/panafgeo.eurogeosurveys.org\/work-packages\/"},"modified":"2026-04-03T15:58:33","modified_gmt":"2026-04-03T15:58:33","slug":"work-packages","status":"publish","type":"page","link":"https:\/\/panafgeo.eurogeosurveys.org\/pt-pt\/work-packages\/","title":{"rendered":"Pacotes de Trabalho"},"content":{"rendered":"<p>Os Pacotes de Trabalho (WPs) constituem o n\u00facleo t\u00e9cnico do PanAfGeo+. Cada Pacote de Trabalho se centra num dom\u00ednio tem\u00e1tico espec\u00edfico das geoci\u00eancias e contribui para o refor\u00e7o das capacidades dos Servi\u00e7os Geol\u00f3gicos Africanos atrav\u00e9s de forma\u00e7\u00e3o especializada, interc\u00e2mbio de conhecimento e coopera\u00e7\u00e3o t\u00e9cnica.<\/p>\n<p>Os Pacotes de Trabalho s\u00e3o concebidos para responder \u00e0s prioridades identificadas pelos parceiros africanos e para apoiar a governa\u00e7\u00e3o sustent\u00e1vel dos recursos naturais, a gest\u00e3o de riscos e o desenvolvimento econ\u00f3mico.<\/p>\n<p>As forma\u00e7\u00f5es combinam ensino te\u00f3rico, exerc\u00edcios pr\u00e1ticos, trabalho de campo e elabora\u00e7\u00e3o de planos de regresso ao trabalho, assegurando a aplica\u00e7\u00e3o concreta das compet\u00eancias adquiridas nas institui\u00e7\u00f5es nacionais.<\/p>\n<p>Os Pacotes de Trabalho promovem igualmente a coopera\u00e7\u00e3o entre especialistas africanos e europeus, criando uma rede profissional duradoura e refor\u00e7ando a integra\u00e7\u00e3o continental em geoci\u00eancias.<\/p>\n","protected":false},"excerpt":{"rendered":"<p>Os Pacotes de Trabalho (WPs) constituem o n\u00facleo t\u00e9cnico do PanAfGeo+. Cada Pacote de Trabalho se centra num dom\u00ednio tem\u00e1tico espec\u00edfico das geoci\u00eancias e contribui para o refor\u00e7o das capacidades dos Servi\u00e7os Geol\u00f3gicos Africanos atrav\u00e9s de forma\u00e7\u00e3o especializada, interc\u00e2mbio de conhecimento e coopera\u00e7\u00e3o t\u00e9cnica. Os Pacotes de Trabalho s\u00e3o concebidos para responder \u00e0s prioridades identificadas [&hellip;]<\/p>\n","protected":false},"author":1,"featured_media":144,"parent":0,"menu_order":0,"comment_status":"closed","ping_status":"closed","template":"page-templates\/template-work-packages.php","meta":{"_acf_changed":false,"footnotes":""},"class_list":["post-801","page","type-page","status-publish","has-post-thumbnail","hentry"],"acf":[],"_links":{"self":[{"href":"https:\/\/panafgeo.eurogeosurveys.org\/pt-pt\/wp-json\/wp\/v2\/pages\/801","targetHints":{"allow":["GET"]}}],"collection":[{"href":"https:\/\/panafgeo.eurogeosurveys.org\/pt-pt\/wp-json\/wp\/v2\/pages"}],"about":[{"href":"https:\/\/panafgeo.eurogeosurveys.org\/pt-pt\/wp-json\/wp\/v2\/types\/page"}],"author":[{"embeddable":true,"href":"https:\/\/panafgeo.eurogeosurveys.org\/pt-pt\/wp-json\/wp\/v2\/users\/1"}],"replies":[{"embeddable":true,"href":"https:\/\/panafgeo.eurogeosurveys.org\/pt-pt\/wp-json\/wp\/v2\/comments?post=801"}],"version-history":[{"count":4,"href":"https:\/\/panafgeo.eurogeosurveys.org\/pt-pt\/wp-json\/wp\/v2\/pages\/801\/revisions"}],"predecessor-version":[{"id":836,"href":"https:\/\/panafgeo.eurogeosurveys.org\/pt-pt\/wp-json\/wp\/v2\/pages\/801\/revisions\/836"}],"wp:featuredmedia":[{"embeddable":true,"href":"https:\/\/panafgeo.eurogeosurveys.org\/pt-pt\/wp-json\/wp\/v2\/media\/144"}],"wp:attachment":[{"href":"https:\/\/panafgeo.eurogeosurveys.org\/pt-pt\/wp-json\/wp\/v2\/media?parent=801"}],"curies":[{"name":"wp","href":"https:\/\/api.w.org\/{rel}","templated":true}]}}