{"id":810,"date":"2026-03-27T14:03:00","date_gmt":"2026-03-27T14:03:00","guid":{"rendered":"https:\/\/panafgeo.eurogeosurveys.org\/panafgeo-1-results\/"},"modified":"2026-04-03T19:27:12","modified_gmt":"2026-04-03T19:27:12","slug":"panafgeo-1-results","status":"publish","type":"page","link":"https:\/\/panafgeo.eurogeosurveys.org\/pt-pt\/panafgeo-1-results\/","title":{"rendered":"Resultados PanAfGeo-1"},"content":{"rendered":"<p>Lan\u00e7ado em dezembro de 2016, o <strong>PanAfGeo<\/strong> \u00e9 um projeto que apoia a forma\u00e7\u00e3o de pessoal geocient\u00edfico dos Servi\u00e7os Geol\u00f3gicos Africanos. Cofinanciado pela Uni\u00e3o Europeia e por um Cons\u00f3rcio de 12 Servi\u00e7os Geol\u00f3gicos Europeus, o <strong>PanAfGeo<\/strong> visa melhorar e refor\u00e7ar as compet\u00eancias dos geocientistas africanos. Este programa sem precedentes, liderado por especialistas africanos e europeus, visa melhorar a governa\u00e7\u00e3o e o uso sustent\u00e1vel dos recursos minerais africanos e das infraestruturas relacionadas. \u00c9 tamb\u00e9m uma boa oportunidade para sensibilizar sobre os riscos geol\u00f3gicos e o patrim\u00f3nio geol\u00f3gico. O <strong>PanAfGeo<\/strong> refor\u00e7a a capacidade da Organiza\u00e7\u00e3o dos Servi\u00e7os Geol\u00f3gicos Africanos (OAGS).<\/p>\n","protected":false},"excerpt":{"rendered":"<p>Lan\u00e7ado em dezembro de 2016, o PanAfGeo \u00e9 um projeto que apoia a forma\u00e7\u00e3o de pessoal geocient\u00edfico dos Servi\u00e7os Geol\u00f3gicos Africanos. Cofinanciado pela Uni\u00e3o Europeia e por um Cons\u00f3rcio de 12 Servi\u00e7os Geol\u00f3gicos Europeus, o PanAfGeo visa melhorar e refor\u00e7ar as compet\u00eancias dos geocientistas africanos. Este programa sem precedentes, liderado por especialistas africanos e europeus, [&hellip;]<\/p>\n","protected":false},"author":2,"featured_media":781,"parent":0,"menu_order":0,"comment_status":"closed","ping_status":"closed","template":"page-templates\/template-results.php","meta":{"_acf_changed":false,"footnotes":""},"class_list":["post-810","page","type-page","status-publish","has-post-thumbnail","hentry"],"acf":[],"_links":{"self":[{"href":"https:\/\/panafgeo.eurogeosurveys.org\/pt-pt\/wp-json\/wp\/v2\/pages\/810","targetHints":{"allow":["GET"]}}],"collection":[{"href":"https:\/\/panafgeo.eurogeosurveys.org\/pt-pt\/wp-json\/wp\/v2\/pages"}],"about":[{"href":"https:\/\/panafgeo.eurogeosurveys.org\/pt-pt\/wp-json\/wp\/v2\/types\/page"}],"author":[{"embeddable":true,"href":"https:\/\/panafgeo.eurogeosurveys.org\/pt-pt\/wp-json\/wp\/v2\/users\/2"}],"replies":[{"embeddable":true,"href":"https:\/\/panafgeo.eurogeosurveys.org\/pt-pt\/wp-json\/wp\/v2\/comments?post=810"}],"version-history":[{"count":2,"href":"https:\/\/panafgeo.eurogeosurveys.org\/pt-pt\/wp-json\/wp\/v2\/pages\/810\/revisions"}],"predecessor-version":[{"id":896,"href":"https:\/\/panafgeo.eurogeosurveys.org\/pt-pt\/wp-json\/wp\/v2\/pages\/810\/revisions\/896"}],"wp:featuredmedia":[{"embeddable":true,"href":"https:\/\/panafgeo.eurogeosurveys.org\/pt-pt\/wp-json\/wp\/v2\/media\/781"}],"wp:attachment":[{"href":"https:\/\/panafgeo.eurogeosurveys.org\/pt-pt\/wp-json\/wp\/v2\/media?parent=810"}],"curies":[{"name":"wp","href":"https:\/\/api.w.org\/{rel}","templated":true}]}}