{"id":866,"date":"2026-03-20T02:46:57","date_gmt":"2026-03-20T02:46:57","guid":{"rendered":"https:\/\/panafgeo.eurogeosurveys.org\/media-centre\/publications\/"},"modified":"2026-04-03T19:07:15","modified_gmt":"2026-04-03T19:07:15","slug":"publications","status":"publish","type":"page","link":"https:\/\/panafgeo.eurogeosurveys.org\/pt-pt\/media-centre\/publications\/","title":{"rendered":"Publica\u00e7\u00f5es"},"content":{"rendered":"<p>As publica\u00e7\u00f5es do PanAfGeo fornecem recursos t\u00e9cnicos e metodol\u00f3gicos destinados a apoiar os Servi\u00e7os Geol\u00f3gicos Africanos nas suas atividades di\u00e1rias e na implementa\u00e7\u00e3o das compet\u00eancias adquiridas durante as forma\u00e7\u00f5es.<\/p>\n","protected":false},"excerpt":{"rendered":"<p>As publica\u00e7\u00f5es do PanAfGeo fornecem recursos t\u00e9cnicos e metodol\u00f3gicos destinados a apoiar os Servi\u00e7os Geol\u00f3gicos Africanos nas suas atividades di\u00e1rias e na implementa\u00e7\u00e3o das compet\u00eancias adquiridas durante as forma\u00e7\u00f5es.<\/p>\n","protected":false},"author":2,"featured_media":781,"parent":806,"menu_order":0,"comment_status":"closed","ping_status":"closed","template":"page-templates\/template-publications.php","meta":{"_acf_changed":false,"footnotes":""},"class_list":["post-866","page","type-page","status-publish","has-post-thumbnail","hentry"],"acf":[],"_links":{"self":[{"href":"https:\/\/panafgeo.eurogeosurveys.org\/pt-pt\/wp-json\/wp\/v2\/pages\/866","targetHints":{"allow":["GET"]}}],"collection":[{"href":"https:\/\/panafgeo.eurogeosurveys.org\/pt-pt\/wp-json\/wp\/v2\/pages"}],"about":[{"href":"https:\/\/panafgeo.eurogeosurveys.org\/pt-pt\/wp-json\/wp\/v2\/types\/page"}],"author":[{"embeddable":true,"href":"https:\/\/panafgeo.eurogeosurveys.org\/pt-pt\/wp-json\/wp\/v2\/users\/2"}],"replies":[{"embeddable":true,"href":"https:\/\/panafgeo.eurogeosurveys.org\/pt-pt\/wp-json\/wp\/v2\/comments?post=866"}],"version-history":[{"count":3,"href":"https:\/\/panafgeo.eurogeosurveys.org\/pt-pt\/wp-json\/wp\/v2\/pages\/866\/revisions"}],"predecessor-version":[{"id":889,"href":"https:\/\/panafgeo.eurogeosurveys.org\/pt-pt\/wp-json\/wp\/v2\/pages\/866\/revisions\/889"}],"up":[{"embeddable":true,"href":"https:\/\/panafgeo.eurogeosurveys.org\/pt-pt\/wp-json\/wp\/v2\/pages\/806"}],"wp:featuredmedia":[{"embeddable":true,"href":"https:\/\/panafgeo.eurogeosurveys.org\/pt-pt\/wp-json\/wp\/v2\/media\/781"}],"wp:attachment":[{"href":"https:\/\/panafgeo.eurogeosurveys.org\/pt-pt\/wp-json\/wp\/v2\/media?parent=866"}],"curies":[{"name":"wp","href":"https:\/\/api.w.org\/{rel}","templated":true}]}}